{"id":4814,"date":"2022-05-20T16:48:30","date_gmt":"2022-05-20T14:48:30","guid":{"rendered":"http:\/\/a-travers-vous.be\/site\/?page_id=4814"},"modified":"2023-11-27T11:39:41","modified_gmt":"2023-11-27T10:39:41","slug":"videos","status":"publish","type":"page","link":"https:\/\/a-travers-vous.be\/index.php\/gallery\/videos\/","title":{"rendered":"Videos"},"content":{"rendered":"\t\t<div data-elementor-type=\"wp-page\" data-elementor-id=\"4814\" class=\"elementor elementor-4814\">\n\t\t\t\t\t\t\t\t\t<section class=\"elementor-section elementor-top-section elementor-element elementor-element-2ac603f1 elementor-section-boxed elementor-section-height-default elementor-section-height-default\" data-id=\"2ac603f1\" data-element_type=\"section\">\n\t\t\t\t\t\t<div class=\"elementor-container elementor-column-gap-default\">\n\t\t\t\t\t<div class=\"elementor-column elementor-col-100 elementor-top-column elementor-element elementor-element-430dcc65\" data-id=\"430dcc65\" data-element_type=\"column\">\n\t\t\t<div class=\"elementor-widget-wrap elementor-element-populated\">\n\t\t\t\t\t\t\t\t<div class=\"elementor-element elementor-element-572f85a8 elementor-widget elementor-widget-yprm_heading\" data-id=\"572f85a8\" data-element_type=\"widget\" data-widget_type=\"yprm_heading.default\">\n\t\t\t\t<div class=\"elementor-widget-container\">\n\t\t\t\t\t\t<div class=\"heading-block tac\">\n\t\t\t\t\t\t\t\t\t<div class=\"sub-h\">Besoin de mettre en valeur vos services ou votre activit\u00e9, un clip vid\u00e9o est votre meilleur visibilit\u00e9.      <\/div>\n\t\t\t\t                  <h2 class=\"h\">Vid\u00e9os<\/h2>\n        \t\t\t<\/div>\n              <div class=\"heading-content\">Format Full HD<\/div>\n      \t\t\t\t<\/div>\n\t\t\t\t<\/div>\n\t\t\t\t<section class=\"elementor-section elementor-inner-section elementor-element elementor-element-dec714f elementor-section-boxed elementor-section-height-default elementor-section-height-default\" data-id=\"dec714f\" data-element_type=\"section\">\n\t\t\t\t\t\t<div class=\"elementor-container elementor-column-gap-default\">\n\t\t\t\t\t<div class=\"elementor-column elementor-col-50 elementor-inner-column elementor-element elementor-element-319c35d\" data-id=\"319c35d\" data-element_type=\"column\">\n\t\t\t<div class=\"elementor-widget-wrap elementor-element-populated\">\n\t\t\t\t\t\t\t\t<div class=\"elementor-element elementor-element-9ff6e59 elementor-aspect-ratio-169 elementor-widget elementor-widget-video\" data-id=\"9ff6e59\" data-element_type=\"widget\" data-settings=\"{&quot;video_type&quot;:&quot;hosted&quot;,&quot;controls&quot;:&quot;yes&quot;,&quot;aspect_ratio&quot;:&quot;169&quot;}\" data-widget_type=\"video.default\">\n\t\t\t\t<div class=\"elementor-widget-container\">\n\t\t\t<style>\/*! elementor - v3.6.5 - 27-04-2022 *\/\n.elementor-widget-video .elementor-widget-container{overflow:hidden;-webkit-transform:translateZ(0);transform:translateZ(0)}.elementor-widget-video .elementor-open-inline .elementor-custom-embed-image-overlay{position:absolute;top:0;left:0;width:100%;height:100%;background-size:cover;background-position:50%}.elementor-widget-video .elementor-custom-embed-image-overlay{cursor:pointer;text-align:center}.elementor-widget-video .elementor-custom-embed-image-overlay:hover .elementor-custom-embed-play i{opacity:1}.elementor-widget-video .elementor-custom-embed-image-overlay img{display:block;width:100%}.elementor-widget-video .e-hosted-video .elementor-video{-o-object-fit:cover;object-fit:cover}<\/style>\t\t<div class=\"e-hosted-video elementor-wrapper elementor-fit-aspect-ratio elementor-open-inline\">\n\t\t\t\t\t<video class=\"elementor-video\" src=\"http:\/\/www.a-travers-vous.be\/video\/Amber.mp4\" controls=\"\" controlsList=\"nodownload\" poster=\"https:\/\/a-travers-vous.be\/wp-content\/uploads\/2023\/11\/01.jpg\"><\/video>\n\t\t\t\t<\/div>\n\t\t\t\t<\/div>\n\t\t\t\t<\/div>\n\t\t\t\t\t<\/div>\n\t\t<\/div>\n\t\t\t\t<div class=\"elementor-column elementor-col-50 elementor-inner-column elementor-element elementor-element-cf84400\" data-id=\"cf84400\" data-element_type=\"column\">\n\t\t\t<div class=\"elementor-widget-wrap elementor-element-populated\">\n\t\t\t\t\t\t\t\t<div class=\"elementor-element elementor-element-86334e5 elementor-aspect-ratio-169 elementor-widget elementor-widget-video\" data-id=\"86334e5\" data-element_type=\"widget\" data-settings=\"{&quot;video_type&quot;:&quot;hosted&quot;,&quot;controls&quot;:&quot;yes&quot;,&quot;aspect_ratio&quot;:&quot;169&quot;}\" data-widget_type=\"video.default\">\n\t\t\t\t<div class=\"elementor-widget-container\">\n\t\t\t\t\t<div class=\"e-hosted-video elementor-wrapper elementor-fit-aspect-ratio elementor-open-inline\">\n\t\t\t\t\t<video class=\"elementor-video\" src=\"http:\/\/www.a-travers-vous.be\/video\/Amber2.mp4\" controls=\"\" controlsList=\"nodownload\" poster=\"https:\/\/a-travers-vous.be\/wp-content\/uploads\/2023\/11\/02.jpg\"><\/video>\n\t\t\t\t<\/div>\n\t\t\t\t<\/div>\n\t\t\t\t<\/div>\n\t\t\t\t\t<\/div>\n\t\t<\/div>\n\t\t\t\t\t\t\t<\/div>\n\t\t<\/section>\n\t\t\t\t<section class=\"elementor-section elementor-inner-section elementor-element elementor-element-5cfa625 elementor-section-boxed elementor-section-height-default elementor-section-height-default\" data-id=\"5cfa625\" data-element_type=\"section\">\n\t\t\t\t\t\t<div class=\"elementor-container elementor-column-gap-default\">\n\t\t\t\t\t<div class=\"elementor-column elementor-col-50 elementor-inner-column elementor-element elementor-element-a27f58a\" data-id=\"a27f58a\" data-element_type=\"column\">\n\t\t\t<div class=\"elementor-widget-wrap elementor-element-populated\">\n\t\t\t\t\t\t\t\t<div class=\"elementor-element elementor-element-133c033 elementor-aspect-ratio-169 elementor-widget elementor-widget-video\" data-id=\"133c033\" data-element_type=\"widget\" data-settings=\"{&quot;video_type&quot;:&quot;hosted&quot;,&quot;controls&quot;:&quot;yes&quot;,&quot;aspect_ratio&quot;:&quot;169&quot;}\" data-widget_type=\"video.default\">\n\t\t\t\t<div class=\"elementor-widget-container\">\n\t\t\t\t\t<div class=\"e-hosted-video elementor-wrapper elementor-fit-aspect-ratio elementor-open-inline\">\n\t\t\t\t\t<video class=\"elementor-video\" src=\"http:\/\/www.a-travers-vous.be\/video\/pubartmassage.mp4\" controls=\"\" controlsList=\"nodownload\" poster=\"https:\/\/a-travers-vous.be\/wp-content\/uploads\/2023\/11\/03.jpg\"><\/video>\n\t\t\t\t<\/div>\n\t\t\t\t<\/div>\n\t\t\t\t<\/div>\n\t\t\t\t<div class=\"elementor-element elementor-element-3f5bc7c elementor-aspect-ratio-169 elementor-widget elementor-widget-video\" data-id=\"3f5bc7c\" data-element_type=\"widget\" data-settings=\"{&quot;video_type&quot;:&quot;hosted&quot;,&quot;controls&quot;:&quot;yes&quot;,&quot;aspect_ratio&quot;:&quot;169&quot;}\" data-widget_type=\"video.default\">\n\t\t\t\t<div class=\"elementor-widget-container\">\n\t\t\t\t\t<div class=\"e-hosted-video elementor-wrapper elementor-fit-aspect-ratio elementor-open-inline\">\n\t\t\t\t\t<video class=\"elementor-video\" src=\"http:\/\/www.a-travers-vous.be\/video\/secretsrooms.mov\" controls=\"\" controlsList=\"nodownload\" poster=\"https:\/\/a-travers-vous.be\/wp-content\/uploads\/2023\/11\/05.jpg\"><\/video>\n\t\t\t\t<\/div>\n\t\t\t\t<\/div>\n\t\t\t\t<\/div>\n\t\t\t\t<div class=\"elementor-element elementor-element-832f9d8 elementor-aspect-ratio-169 elementor-widget elementor-widget-video\" data-id=\"832f9d8\" data-element_type=\"widget\" data-settings=\"{&quot;video_type&quot;:&quot;hosted&quot;,&quot;controls&quot;:&quot;yes&quot;,&quot;aspect_ratio&quot;:&quot;169&quot;}\" data-widget_type=\"video.default\">\n\t\t\t\t<div class=\"elementor-widget-container\">\n\t\t\t\t\t<div class=\"e-hosted-video elementor-wrapper elementor-fit-aspect-ratio elementor-open-inline\">\n\t\t\t\t\t<video class=\"elementor-video\" src=\"http:\/\/www.a-travers-vous.be\/video\/Cocoon.mp4\" controls=\"\" controlsList=\"nodownload\" poster=\"https:\/\/a-travers-vous.be\/wp-content\/uploads\/2023\/11\/07.jpg\"><\/video>\n\t\t\t\t<\/div>\n\t\t\t\t<\/div>\n\t\t\t\t<\/div>\n\t\t\t\t<div class=\"elementor-element elementor-element-85efd59 elementor-aspect-ratio-169 elementor-widget elementor-widget-video\" data-id=\"85efd59\" data-element_type=\"widget\" data-settings=\"{&quot;video_type&quot;:&quot;hosted&quot;,&quot;controls&quot;:&quot;yes&quot;,&quot;aspect_ratio&quot;:&quot;169&quot;}\" data-widget_type=\"video.default\">\n\t\t\t\t<div class=\"elementor-widget-container\">\n\t\t\t\t\t<div class=\"e-hosted-video elementor-wrapper elementor-fit-aspect-ratio elementor-open-inline\">\n\t\t\t\t\t<video class=\"elementor-video\" src=\"http:\/\/www.a-travers-vous.be\/video\/spa1.mp4\" controls=\"\" controlsList=\"nodownload\" poster=\"https:\/\/a-travers-vous.be\/wp-content\/uploads\/2023\/11\/09.jpg\"><\/video>\n\t\t\t\t<\/div>\n\t\t\t\t<\/div>\n\t\t\t\t<\/div>\n\t\t\t\t<div class=\"elementor-element elementor-element-aee51bb elementor-aspect-ratio-169 elementor-widget elementor-widget-video\" data-id=\"aee51bb\" data-element_type=\"widget\" data-settings=\"{&quot;video_type&quot;:&quot;hosted&quot;,&quot;controls&quot;:&quot;yes&quot;,&quot;aspect_ratio&quot;:&quot;169&quot;}\" data-widget_type=\"video.default\">\n\t\t\t\t<div class=\"elementor-widget-container\">\n\t\t\t\t\t<div class=\"e-hosted-video elementor-wrapper elementor-fit-aspect-ratio elementor-open-inline\">\n\t\t\t\t\t<video class=\"elementor-video\" src=\"http:\/\/www.a-travers-vous.be\/video\/A&amp;Dfinal.mp4\" controls=\"\" controlsList=\"nodownload\" poster=\"https:\/\/a-travers-vous.be\/wp-content\/uploads\/2023\/11\/11.jpg\"><\/video>\n\t\t\t\t<\/div>\n\t\t\t\t<\/div>\n\t\t\t\t<\/div>\n\t\t\t\t\t<\/div>\n\t\t<\/div>\n\t\t\t\t<div class=\"elementor-column elementor-col-50 elementor-inner-column elementor-element elementor-element-5f7d3c0\" data-id=\"5f7d3c0\" data-element_type=\"column\">\n\t\t\t<div class=\"elementor-widget-wrap elementor-element-populated\">\n\t\t\t\t\t\t\t\t<div class=\"elementor-element elementor-element-ee50f47 elementor-aspect-ratio-169 elementor-widget elementor-widget-video\" data-id=\"ee50f47\" data-element_type=\"widget\" data-settings=\"{&quot;video_type&quot;:&quot;hosted&quot;,&quot;controls&quot;:&quot;yes&quot;,&quot;aspect_ratio&quot;:&quot;169&quot;}\" data-widget_type=\"video.default\">\n\t\t\t\t<div class=\"elementor-widget-container\">\n\t\t\t\t\t<div class=\"e-hosted-video elementor-wrapper elementor-fit-aspect-ratio elementor-open-inline\">\n\t\t\t\t\t<video class=\"elementor-video\" src=\"http:\/\/www.a-travers-vous.be\/video\/aphropub.mp4\" controls=\"\" controlsList=\"nodownload\" poster=\"https:\/\/a-travers-vous.be\/wp-content\/uploads\/2023\/11\/04.jpg\"><\/video>\n\t\t\t\t<\/div>\n\t\t\t\t<\/div>\n\t\t\t\t<\/div>\n\t\t\t\t<div class=\"elementor-element elementor-element-c116743 elementor-aspect-ratio-169 elementor-widget elementor-widget-video\" data-id=\"c116743\" data-element_type=\"widget\" data-settings=\"{&quot;video_type&quot;:&quot;hosted&quot;,&quot;controls&quot;:&quot;yes&quot;,&quot;aspect_ratio&quot;:&quot;169&quot;}\" data-widget_type=\"video.default\">\n\t\t\t\t<div class=\"elementor-widget-container\">\n\t\t\t\t\t<div class=\"e-hosted-video elementor-wrapper elementor-fit-aspect-ratio elementor-open-inline\">\n\t\t\t\t\t<video class=\"elementor-video\" src=\"http:\/\/www.a-travers-vous.be\/video\/SecretsRoomslaSuite.mov\" controls=\"\" controlsList=\"nodownload\" poster=\"https:\/\/a-travers-vous.be\/wp-content\/uploads\/2023\/11\/06.jpg\"><\/video>\n\t\t\t\t<\/div>\n\t\t\t\t<\/div>\n\t\t\t\t<\/div>\n\t\t\t\t<div class=\"elementor-element elementor-element-54a7bdd elementor-aspect-ratio-169 elementor-widget elementor-widget-video\" data-id=\"54a7bdd\" data-element_type=\"widget\" data-settings=\"{&quot;video_type&quot;:&quot;hosted&quot;,&quot;controls&quot;:&quot;yes&quot;,&quot;aspect_ratio&quot;:&quot;169&quot;}\" data-widget_type=\"video.default\">\n\t\t\t\t<div class=\"elementor-widget-container\">\n\t\t\t\t\t<div class=\"e-hosted-video elementor-wrapper elementor-fit-aspect-ratio elementor-open-inline\">\n\t\t\t\t\t<video class=\"elementor-video\" src=\"http:\/\/www.a-travers-vous.be\/video\/manoa.mp4\" controls=\"\" controlsList=\"nodownload\" poster=\"https:\/\/a-travers-vous.be\/wp-content\/uploads\/2023\/11\/08.jpg\"><\/video>\n\t\t\t\t<\/div>\n\t\t\t\t<\/div>\n\t\t\t\t<\/div>\n\t\t\t\t<div class=\"elementor-element elementor-element-005965a elementor-aspect-ratio-169 elementor-widget elementor-widget-video\" data-id=\"005965a\" data-element_type=\"widget\" data-settings=\"{&quot;video_type&quot;:&quot;hosted&quot;,&quot;controls&quot;:&quot;yes&quot;,&quot;aspect_ratio&quot;:&quot;169&quot;}\" data-widget_type=\"video.default\">\n\t\t\t\t<div class=\"elementor-widget-container\">\n\t\t\t\t\t<div class=\"e-hosted-video elementor-wrapper elementor-fit-aspect-ratio elementor-open-inline\">\n\t\t\t\t\t<video class=\"elementor-video\" src=\"http:\/\/www.a-travers-vous.be\/video\/spa2.mp4\" controls=\"\" controlsList=\"nodownload\" poster=\"https:\/\/a-travers-vous.be\/wp-content\/uploads\/2023\/11\/10.jpg\"><\/video>\n\t\t\t\t<\/div>\n\t\t\t\t<\/div>\n\t\t\t\t<\/div>\n\t\t\t\t<div class=\"elementor-element elementor-element-c09b2f8 elementor-aspect-ratio-169 elementor-widget elementor-widget-video\" data-id=\"c09b2f8\" data-element_type=\"widget\" data-settings=\"{&quot;video_type&quot;:&quot;hosted&quot;,&quot;controls&quot;:&quot;yes&quot;,&quot;aspect_ratio&quot;:&quot;169&quot;}\" data-widget_type=\"video.default\">\n\t\t\t\t<div class=\"elementor-widget-container\">\n\t\t\t\t\t<div class=\"e-hosted-video elementor-wrapper elementor-fit-aspect-ratio elementor-open-inline\">\n\t\t\t\t\t<video class=\"elementor-video\" src=\"http:\/\/www.a-travers-vous.be\/video\/Tantra.mp4\" controls=\"\" controlsList=\"nodownload\" poster=\"https:\/\/a-travers-vous.be\/wp-content\/uploads\/2023\/11\/12.jpg\"><\/video>\n\t\t\t\t<\/div>\n\t\t\t\t<\/div>\n\t\t\t\t<\/div>\n\t\t\t\t\t<\/div>\n\t\t<\/div>\n\t\t\t\t\t\t\t<\/div>\n\t\t<\/section>\n\t\t\t\t\t<\/div>\n\t\t<\/div>\n\t\t\t\t\t\t\t<\/div>\n\t\t<\/section>\n\t\t\t\t\t\t\t<\/div>\n\t\t","protected":false},"excerpt":{"rendered":"<p>Besoin de mettre en valeur vos services ou votre activit\u00e9, un clip vid\u00e9o est votre meilleur visibilit\u00e9. Vid\u00e9os Format Full HD http:\/\/www.a-travers-vous.be\/video\/Amber.mp4http:\/\/www.a-travers-vous.be\/video\/Amber2.mp4http:\/\/www.a-travers-vous.be\/video\/pubartmassage.mp4http:\/\/www.a-travers-vous.be\/video\/secretsrooms.movhttp:\/\/www.a-travers-vous.be\/video\/Cocoon.mp4http:\/\/www.a-travers-vous.be\/video\/spa1.mp4http:\/\/www.a-travers-vous.be\/video\/A&#038;Dfinal.mp4http:\/\/www.a-travers-vous.be\/video\/aphropub.mp4http:\/\/www.a-travers-vous.be\/video\/SecretsRoomslaSuite.movhttp:\/\/www.a-travers-vous.be\/video\/manoa.mp4http:\/\/www.a-travers-vous.be\/video\/spa2.mp4http:\/\/www.a-travers-vous.be\/video\/Tantra.mp4<\/p>\n","protected":false},"author":1,"featured_media":0,"parent":794,"menu_order":0,"comment_status":"closed","ping_status":"closed","template":"template-landing.php","meta":{"footnotes":""},"class_list":["post-4814","page","type-page","status-publish","hentry"],"acf":[],"yoast_head":"<!-- This site is optimized with the Yoast SEO Premium plugin v26.0 (Yoast SEO v26.0) - https:\/\/yoast.com\/wordpress\/plugins\/seo\/ -->\n<title>Videos - A-Travers-Vous - Couple photographes<\/title>\n<meta name=\"description\" content=\"Vos vid\u00e9os sexy et de charme professionnelles par un couple de photographes exp\u00e9riment\u00e9s.\" \/>\n<meta name=\"robots\" content=\"index, follow, max-snippet:-1, max-image-preview:large, max-video-preview:-1\" \/>\n<link rel=\"canonical\" href=\"https:\/\/a-travers-vous.be\/index.php\/gallery\/videos\/\" \/>\n<meta property=\"og:locale\" content=\"fr_FR\" \/>\n<meta property=\"og:type\" content=\"article\" \/>\n<meta property=\"og:title\" content=\"Videos\" \/>\n<meta property=\"og:description\" content=\"Vos vid\u00e9os sexy et de charme professionnelles par un couple de photographes exp\u00e9riment\u00e9s.\" \/>\n<meta property=\"og:url\" content=\"https:\/\/a-travers-vous.be\/index.php\/gallery\/videos\/\" \/>\n<meta property=\"og:site_name\" content=\"A-Travers-Vous - Couple photographes\" \/>\n<meta property=\"article:modified_time\" content=\"2023-11-27T10:39:41+00:00\" \/>\n<meta name=\"twitter:card\" content=\"summary_large_image\" \/>\n<meta name=\"twitter:label1\" content=\"Dur\u00e9e de lecture estim\u00e9e\" \/>\n\t<meta name=\"twitter:data1\" content=\"1 minute\" \/>\n<script type=\"application\/ld+json\" class=\"yoast-schema-graph\">{\"@context\":\"https:\/\/schema.org\",\"@graph\":[{\"@type\":\"WebPage\",\"@id\":\"https:\/\/a-travers-vous.be\/index.php\/gallery\/videos\/\",\"url\":\"https:\/\/a-travers-vous.be\/index.php\/gallery\/videos\/\",\"name\":\"Videos - A-Travers-Vous - Couple photographes\",\"isPartOf\":{\"@id\":\"https:\/\/a-travers-vous.be\/#website\"},\"datePublished\":\"2022-05-20T14:48:30+00:00\",\"dateModified\":\"2023-11-27T10:39:41+00:00\",\"description\":\"Vos vid\u00e9os sexy et de charme professionnelles par un couple de photographes exp\u00e9riment\u00e9s.\",\"breadcrumb\":{\"@id\":\"https:\/\/a-travers-vous.be\/index.php\/gallery\/videos\/#breadcrumb\"},\"inLanguage\":\"fr-FR\",\"potentialAction\":[{\"@type\":\"ReadAction\",\"target\":[\"https:\/\/a-travers-vous.be\/index.php\/gallery\/videos\/\"]}]},{\"@type\":\"BreadcrumbList\",\"@id\":\"https:\/\/a-travers-vous.be\/index.php\/gallery\/videos\/#breadcrumb\",\"itemListElement\":[{\"@type\":\"ListItem\",\"position\":1,\"name\":\"Accueil\",\"item\":\"https:\/\/a-travers-vous.be\/\"},{\"@type\":\"ListItem\",\"position\":2,\"name\":\"Gallery\",\"item\":\"https:\/\/a-travers-vous.be\/index.php\/gallery\/\"},{\"@type\":\"ListItem\",\"position\":3,\"name\":\"Videos\"}]},{\"@type\":\"WebSite\",\"@id\":\"https:\/\/a-travers-vous.be\/#website\",\"url\":\"https:\/\/a-travers-vous.be\/\",\"name\":\"A-Travers-Vous - Couple photographes\",\"description\":\"Un couple de photographes \u00e0 votre service pour vos photos et vid\u00e9os de charme\",\"potentialAction\":[{\"@type\":\"SearchAction\",\"target\":{\"@type\":\"EntryPoint\",\"urlTemplate\":\"https:\/\/a-travers-vous.be\/?s={search_term_string}\"},\"query-input\":{\"@type\":\"PropertyValueSpecification\",\"valueRequired\":true,\"valueName\":\"search_term_string\"}}],\"inLanguage\":\"fr-FR\"}]}<\/script>\n<!-- \/ Yoast SEO Premium plugin. -->","yoast_head_json":{"title":"Videos - A-Travers-Vous - Couple photographes","description":"Vos vid\u00e9os sexy et de charme professionnelles par un couple de photographes exp\u00e9riment\u00e9s.","robots":{"index":"index","follow":"follow","max-snippet":"max-snippet:-1","max-image-preview":"max-image-preview:large","max-video-preview":"max-video-preview:-1"},"canonical":"https:\/\/a-travers-vous.be\/index.php\/gallery\/videos\/","og_locale":"fr_FR","og_type":"article","og_title":"Videos","og_description":"Vos vid\u00e9os sexy et de charme professionnelles par un couple de photographes exp\u00e9riment\u00e9s.","og_url":"https:\/\/a-travers-vous.be\/index.php\/gallery\/videos\/","og_site_name":"A-Travers-Vous - Couple photographes","article_modified_time":"2023-11-27T10:39:41+00:00","twitter_card":"summary_large_image","twitter_misc":{"Dur\u00e9e de lecture estim\u00e9e":"1 minute"},"schema":{"@context":"https:\/\/schema.org","@graph":[{"@type":"WebPage","@id":"https:\/\/a-travers-vous.be\/index.php\/gallery\/videos\/","url":"https:\/\/a-travers-vous.be\/index.php\/gallery\/videos\/","name":"Videos - A-Travers-Vous - Couple photographes","isPartOf":{"@id":"https:\/\/a-travers-vous.be\/#website"},"datePublished":"2022-05-20T14:48:30+00:00","dateModified":"2023-11-27T10:39:41+00:00","description":"Vos vid\u00e9os sexy et de charme professionnelles par un couple de photographes exp\u00e9riment\u00e9s.","breadcrumb":{"@id":"https:\/\/a-travers-vous.be\/index.php\/gallery\/videos\/#breadcrumb"},"inLanguage":"fr-FR","potentialAction":[{"@type":"ReadAction","target":["https:\/\/a-travers-vous.be\/index.php\/gallery\/videos\/"]}]},{"@type":"BreadcrumbList","@id":"https:\/\/a-travers-vous.be\/index.php\/gallery\/videos\/#breadcrumb","itemListElement":[{"@type":"ListItem","position":1,"name":"Accueil","item":"https:\/\/a-travers-vous.be\/"},{"@type":"ListItem","position":2,"name":"Gallery","item":"https:\/\/a-travers-vous.be\/index.php\/gallery\/"},{"@type":"ListItem","position":3,"name":"Videos"}]},{"@type":"WebSite","@id":"https:\/\/a-travers-vous.be\/#website","url":"https:\/\/a-travers-vous.be\/","name":"A-Travers-Vous - Couple photographes","description":"Un couple de photographes \u00e0 votre service pour vos photos et vid\u00e9os de charme","potentialAction":[{"@type":"SearchAction","target":{"@type":"EntryPoint","urlTemplate":"https:\/\/a-travers-vous.be\/?s={search_term_string}"},"query-input":{"@type":"PropertyValueSpecification","valueRequired":true,"valueName":"search_term_string"}}],"inLanguage":"fr-FR"}]}},"_links":{"self":[{"href":"https:\/\/a-travers-vous.be\/index.php\/wp-json\/wp\/v2\/pages\/4814","targetHints":{"allow":["GET"]}}],"collection":[{"href":"https:\/\/a-travers-vous.be\/index.php\/wp-json\/wp\/v2\/pages"}],"about":[{"href":"https:\/\/a-travers-vous.be\/index.php\/wp-json\/wp\/v2\/types\/page"}],"author":[{"embeddable":true,"href":"https:\/\/a-travers-vous.be\/index.php\/wp-json\/wp\/v2\/users\/1"}],"replies":[{"embeddable":true,"href":"https:\/\/a-travers-vous.be\/index.php\/wp-json\/wp\/v2\/comments?post=4814"}],"version-history":[{"count":48,"href":"https:\/\/a-travers-vous.be\/index.php\/wp-json\/wp\/v2\/pages\/4814\/revisions"}],"predecessor-version":[{"id":10664,"href":"https:\/\/a-travers-vous.be\/index.php\/wp-json\/wp\/v2\/pages\/4814\/revisions\/10664"}],"up":[{"embeddable":true,"href":"https:\/\/a-travers-vous.be\/index.php\/wp-json\/wp\/v2\/pages\/794"}],"wp:attachment":[{"href":"https:\/\/a-travers-vous.be\/index.php\/wp-json\/wp\/v2\/media?parent=4814"}],"curies":[{"name":"wp","href":"https:\/\/api.w.org\/{rel}","templated":true}]}}